{"id":414,"date":"2021-11-11T14:38:52","date_gmt":"2021-11-11T14:38:52","guid":{"rendered":"http:\/\/s890737558.online.de\/?page_id=414"},"modified":"2023-04-19T07:16:35","modified_gmt":"2023-04-19T06:16:35","slug":"impressum-wichtige-daten-vereinsdaten-tennis","status":"publish","type":"page","link":"https:\/\/www.tc-wiehltal.de\/index.php\/impressum-wichtige-daten-vereinsdaten-tennis\/","title":{"rendered":"Impressum"},"content":{"rendered":"\t\t<div data-elementor-type=\"wp-page\" data-elementor-id=\"414\" class=\"elementor elementor-414\">\n\t\t\t\t\t\t<div class=\"elementor-inner\">\n\t\t\t\t<div class=\"elementor-section-wrap\">\n\t\t\t\t\t\t\t\t\t<section class=\"elementor-section elementor-top-section elementor-element elementor-element-82887c7 elementor-section-boxed elementor-section-height-default elementor-section-height-default\" data-id=\"82887c7\" data-element_type=\"section\">\n\t\t\t\t\t\t<div class=\"elementor-container elementor-column-gap-default\">\n\t\t\t\t\t\t\t<div class=\"elementor-row\">\n\t\t\t\t\t<div class=\"elementor-column elementor-col-100 elementor-top-column elementor-element elementor-element-8b4f4b2\" data-id=\"8b4f4b2\" data-element_type=\"column\">\n\t\t\t<div class=\"elementor-column-wrap elementor-element-populated\">\n\t\t\t\t\t\t\t<div class=\"elementor-widget-wrap\">\n\t\t\t\t\t\t<div class=\"elementor-element elementor-element-3318867 elementor-widget elementor-widget-text-editor\" data-id=\"3318867\" data-element_type=\"widget\" data-widget_type=\"text-editor.default\">\n\t\t\t\t<div class=\"elementor-widget-container\">\n\t\t\t\t\t\t\t\t<div class=\"elementor-text-editor elementor-clearfix\">\n\t\t\t\t<p><strong>TC Wiehltal e.V.<br \/>Perker Str. 38<br \/>51674 Wiehl<\/strong><\/p><p>Vereinsregister-Nr.: 81023 (Amtsgericht Siegburg)<br \/>Steuer-Nr.: 212\/5817\/0515 (Finanzamt Gummersbach)<br \/>Gesch\u00e4ftsf\u00fchrung: Vorstand<br \/>Inhaltlich Verantwortlicher: Dieter Buschbeck,\u00a0dbm.buschbeck(a)t-online.de, 0 2296 \u2013 727<\/p><p>Hinweis zur Online-Streitbeilegung gem\u00e4\u00df Art. 14 Abs. 1 ODR-VO: Die Europ\u00e4ische Kommission stellt eine Plattform zur Online-Streitbeilegung (OS) bereit, die Sie unter\u00a0<a href=\"http:\/\/ec.europa.eu\/consumers\/odr\/\">ec.europa.eu\/consumers\/odr\/<\/a>\u00a0finden.<\/p>\t\t\t\t\t<\/div>\n\t\t\t\t\t\t<\/div>\n\t\t\t\t<\/div>\n\t\t\t\t\t\t<\/div>\n\t\t\t\t\t<\/div>\n\t\t<\/div>\n\t\t\t\t\t\t\t\t<\/div>\n\t\t\t\t\t<\/div>\n\t\t<\/section>\n\t\t\t\t\t\t\t\t\t<\/div>\n\t\t\t<\/div>\n\t\t\t\t\t<\/div>\n\t\t","protected":false},"excerpt":{"rendered":"<p>TC Wiehltal e.V. Perker Str. 38 51674 Wiehl Vereinsregister-Nr.: 81023 (Amtsgericht Siegburg) Steuer-Nr.: 212\/5817\/0515 (Finanzamt Gummersbach) Gesch\u00e4ftsf\u00fchrung: Vorstand Inhaltlich Verantwortlicher: Dieter Buschbeck,&nbsp;dbm.buschbeck(a)t-online.de, [&hellip;]<\/p>\n","protected":false},"author":2,"featured_media":0,"parent":0,"menu_order":0,"comment_status":"closed","ping_status":"closed","template":"page-templates\/page_fullwidth.php","meta":[],"yoast_head":"<!-- This site is optimized with the Yoast SEO plugin v20.8 - https:\/\/yoast.com\/wordpress\/plugins\/seo\/ -->\n<title>Impressum - TC Wiehltal<\/title>\n<meta name=\"robots\" content=\"index, follow, max-snippet:-1, max-image-preview:large, max-video-preview:-1\" \/>\n<link rel=\"canonical\" href=\"https:\/\/www.tc-wiehltal.de\/index.php\/impressum-wichtige-daten-vereinsdaten-tennis\/\" \/>\n<meta property=\"og:locale\" content=\"de_DE\" \/>\n<meta property=\"og:type\" content=\"article\" \/>\n<meta property=\"og:title\" content=\"Impressum - TC Wiehltal\" \/>\n<meta property=\"og:description\" content=\"TC Wiehltal e.V. Perker Str. 38 51674 Wiehl Vereinsregister-Nr.: 81023 (Amtsgericht Siegburg) Steuer-Nr.: 212\/5817\/0515 (Finanzamt Gummersbach) Gesch\u00e4ftsf\u00fchrung: Vorstand Inhaltlich Verantwortlicher: Dieter Buschbeck,&nbsp;dbm.buschbeck(a)t-online.de, [&hellip;]\" \/>\n<meta property=\"og:url\" content=\"https:\/\/www.tc-wiehltal.de\/index.php\/impressum-wichtige-daten-vereinsdaten-tennis\/\" \/>\n<meta property=\"og:site_name\" content=\"TC Wiehltal\" \/>\n<meta property=\"article:publisher\" content=\"https:\/\/www.facebook.com\/tcwiehltal\/\" \/>\n<meta property=\"article:modified_time\" content=\"2023-04-19T06:16:35+00:00\" \/>\n<meta name=\"twitter:card\" content=\"summary_large_image\" \/>\n<meta name=\"twitter:label1\" content=\"Gesch\u00e4tzte Lesezeit\" \/>\n\t<meta name=\"twitter:data1\" content=\"1\u00a0Minute\" \/>\n<script type=\"application\/ld+json\" class=\"yoast-schema-graph\">{\"@context\":\"https:\/\/schema.org\",\"@graph\":[{\"@type\":\"WebPage\",\"@id\":\"https:\/\/www.tc-wiehltal.de\/index.php\/impressum-wichtige-daten-vereinsdaten-tennis\/\",\"url\":\"https:\/\/www.tc-wiehltal.de\/index.php\/impressum-wichtige-daten-vereinsdaten-tennis\/\",\"name\":\"Impressum - TC Wiehltal\",\"isPartOf\":{\"@id\":\"https:\/\/www.tc-wiehltal.de\/#website\"},\"datePublished\":\"2021-11-11T14:38:52+00:00\",\"dateModified\":\"2023-04-19T06:16:35+00:00\",\"breadcrumb\":{\"@id\":\"https:\/\/www.tc-wiehltal.de\/index.php\/impressum-wichtige-daten-vereinsdaten-tennis\/#breadcrumb\"},\"inLanguage\":\"de\",\"potentialAction\":[{\"@type\":\"ReadAction\",\"target\":[\"https:\/\/www.tc-wiehltal.de\/index.php\/impressum-wichtige-daten-vereinsdaten-tennis\/\"]}]},{\"@type\":\"BreadcrumbList\",\"@id\":\"https:\/\/www.tc-wiehltal.de\/index.php\/impressum-wichtige-daten-vereinsdaten-tennis\/#breadcrumb\",\"itemListElement\":[{\"@type\":\"ListItem\",\"position\":1,\"name\":\"Startseite\",\"item\":\"https:\/\/www.tc-wiehltal.de\/\"},{\"@type\":\"ListItem\",\"position\":2,\"name\":\"Impressum\"}]},{\"@type\":\"WebSite\",\"@id\":\"https:\/\/www.tc-wiehltal.de\/#website\",\"url\":\"https:\/\/www.tc-wiehltal.de\/\",\"name\":\"TC Wiehltal\",\"description\":\"Willkommen beim TC Wiehltal!\",\"publisher\":{\"@id\":\"https:\/\/www.tc-wiehltal.de\/#organization\"},\"potentialAction\":[{\"@type\":\"SearchAction\",\"target\":{\"@type\":\"EntryPoint\",\"urlTemplate\":\"https:\/\/www.tc-wiehltal.de\/?s={search_term_string}\"},\"query-input\":\"required name=search_term_string\"}],\"inLanguage\":\"de\"},{\"@type\":\"Organization\",\"@id\":\"https:\/\/www.tc-wiehltal.de\/#organization\",\"name\":\"TC Wiehltal\",\"url\":\"https:\/\/www.tc-wiehltal.de\/\",\"logo\":{\"@type\":\"ImageObject\",\"inLanguage\":\"de\",\"@id\":\"https:\/\/www.tc-wiehltal.de\/#\/schema\/logo\/image\/\",\"url\":\"https:\/\/www.tc-wiehltal.de\/wp-content\/uploads\/2022\/07\/img_9745.jpg\",\"contentUrl\":\"https:\/\/www.tc-wiehltal.de\/wp-content\/uploads\/2022\/07\/img_9745.jpg\",\"width\":2048,\"height\":2048,\"caption\":\"TC Wiehltal\"},\"image\":{\"@id\":\"https:\/\/www.tc-wiehltal.de\/#\/schema\/logo\/image\/\"},\"sameAs\":[\"https:\/\/www.facebook.com\/tcwiehltal\/\"]}]}<\/script>\n<!-- \/ Yoast SEO plugin. -->","yoast_head_json":{"title":"Impressum - TC Wiehltal","robots":{"index":"index","follow":"follow","max-snippet":"max-snippet:-1","max-image-preview":"max-image-preview:large","max-video-preview":"max-video-preview:-1"},"canonical":"https:\/\/www.tc-wiehltal.de\/index.php\/impressum-wichtige-daten-vereinsdaten-tennis\/","og_locale":"de_DE","og_type":"article","og_title":"Impressum - TC Wiehltal","og_description":"TC Wiehltal e.V. Perker Str. 38 51674 Wiehl Vereinsregister-Nr.: 81023 (Amtsgericht Siegburg) Steuer-Nr.: 212\/5817\/0515 (Finanzamt Gummersbach) Gesch\u00e4ftsf\u00fchrung: Vorstand Inhaltlich Verantwortlicher: Dieter Buschbeck,&nbsp;dbm.buschbeck(a)t-online.de, [&hellip;]","og_url":"https:\/\/www.tc-wiehltal.de\/index.php\/impressum-wichtige-daten-vereinsdaten-tennis\/","og_site_name":"TC Wiehltal","article_publisher":"https:\/\/www.facebook.com\/tcwiehltal\/","article_modified_time":"2023-04-19T06:16:35+00:00","twitter_card":"summary_large_image","twitter_misc":{"Gesch\u00e4tzte Lesezeit":"1\u00a0Minute"},"schema":{"@context":"https:\/\/schema.org","@graph":[{"@type":"WebPage","@id":"https:\/\/www.tc-wiehltal.de\/index.php\/impressum-wichtige-daten-vereinsdaten-tennis\/","url":"https:\/\/www.tc-wiehltal.de\/index.php\/impressum-wichtige-daten-vereinsdaten-tennis\/","name":"Impressum - TC Wiehltal","isPartOf":{"@id":"https:\/\/www.tc-wiehltal.de\/#website"},"datePublished":"2021-11-11T14:38:52+00:00","dateModified":"2023-04-19T06:16:35+00:00","breadcrumb":{"@id":"https:\/\/www.tc-wiehltal.de\/index.php\/impressum-wichtige-daten-vereinsdaten-tennis\/#breadcrumb"},"inLanguage":"de","potentialAction":[{"@type":"ReadAction","target":["https:\/\/www.tc-wiehltal.de\/index.php\/impressum-wichtige-daten-vereinsdaten-tennis\/"]}]},{"@type":"BreadcrumbList","@id":"https:\/\/www.tc-wiehltal.de\/index.php\/impressum-wichtige-daten-vereinsdaten-tennis\/#breadcrumb","itemListElement":[{"@type":"ListItem","position":1,"name":"Startseite","item":"https:\/\/www.tc-wiehltal.de\/"},{"@type":"ListItem","position":2,"name":"Impressum"}]},{"@type":"WebSite","@id":"https:\/\/www.tc-wiehltal.de\/#website","url":"https:\/\/www.tc-wiehltal.de\/","name":"TC Wiehltal","description":"Willkommen beim TC Wiehltal!","publisher":{"@id":"https:\/\/www.tc-wiehltal.de\/#organization"},"potentialAction":[{"@type":"SearchAction","target":{"@type":"EntryPoint","urlTemplate":"https:\/\/www.tc-wiehltal.de\/?s={search_term_string}"},"query-input":"required name=search_term_string"}],"inLanguage":"de"},{"@type":"Organization","@id":"https:\/\/www.tc-wiehltal.de\/#organization","name":"TC Wiehltal","url":"https:\/\/www.tc-wiehltal.de\/","logo":{"@type":"ImageObject","inLanguage":"de","@id":"https:\/\/www.tc-wiehltal.de\/#\/schema\/logo\/image\/","url":"https:\/\/www.tc-wiehltal.de\/wp-content\/uploads\/2022\/07\/img_9745.jpg","contentUrl":"https:\/\/www.tc-wiehltal.de\/wp-content\/uploads\/2022\/07\/img_9745.jpg","width":2048,"height":2048,"caption":"TC Wiehltal"},"image":{"@id":"https:\/\/www.tc-wiehltal.de\/#\/schema\/logo\/image\/"},"sameAs":["https:\/\/www.facebook.com\/tcwiehltal\/"]}]}},"_links":{"self":[{"href":"https:\/\/www.tc-wiehltal.de\/index.php\/wp-json\/wp\/v2\/pages\/414"}],"collection":[{"href":"https:\/\/www.tc-wiehltal.de\/index.php\/wp-json\/wp\/v2\/pages"}],"about":[{"href":"https:\/\/www.tc-wiehltal.de\/index.php\/wp-json\/wp\/v2\/types\/page"}],"author":[{"embeddable":true,"href":"https:\/\/www.tc-wiehltal.de\/index.php\/wp-json\/wp\/v2\/users\/2"}],"replies":[{"embeddable":true,"href":"https:\/\/www.tc-wiehltal.de\/index.php\/wp-json\/wp\/v2\/comments?post=414"}],"version-history":[{"count":4,"href":"https:\/\/www.tc-wiehltal.de\/index.php\/wp-json\/wp\/v2\/pages\/414\/revisions"}],"predecessor-version":[{"id":419,"href":"https:\/\/www.tc-wiehltal.de\/index.php\/wp-json\/wp\/v2\/pages\/414\/revisions\/419"}],"wp:attachment":[{"href":"https:\/\/www.tc-wiehltal.de\/index.php\/wp-json\/wp\/v2\/media?parent=414"}],"curies":[{"name":"wp","href":"https:\/\/api.w.org\/{rel}","templated":true}]}}